{"id":3,"date":"2025-05-22T10:01:13","date_gmt":"2025-05-22T08:01:13","guid":{"rendered":"http:\/\/iit.wolfsrudel-agentur.com\/?page_id=3"},"modified":"2026-03-26T11:51:16","modified_gmt":"2026-03-26T10:51:16","slug":"datenschutzerklaerung","status":"publish","type":"page","link":"https:\/\/iit-gmbh.de\/en\/datenschutzerklaerung\/","title":{"rendered":"Privacy policy"},"content":{"rendered":"<div data-elementor-type=\"wp-page\" data-elementor-id=\"3\" class=\"elementor elementor-3\" data-elementor-post-type=\"page\">\n\t\t\t\t<div class=\"elementor-element elementor-element-88497ab e-flex e-con-boxed e-con e-parent\" data-id=\"88497ab\" data-element_type=\"container\">\n\t\t\t\t\t<div class=\"e-con-inner\">\n\t\t\t\t<div class=\"elementor-element elementor-element-e56fc40 elementor-widget elementor-widget-image\" data-id=\"e56fc40\" data-element_type=\"widget\" data-widget_type=\"image.default\">\n\t\t\t\t<div class=\"elementor-widget-container\">\n\t\t\t\t\t\t\t\t\t\t\t\t\t\t\t<img fetchpriority=\"high\" decoding=\"async\" width=\"2560\" height=\"2560\" src=\"https:\/\/iit-gmbh.de\/wp-content\/uploads\/2026\/03\/IIT_Icon-Datenschutz-scaled.png\" class=\"attachment-full size-full wp-image-3988\" alt=\"\" srcset=\"https:\/\/iit-gmbh.de\/wp-content\/uploads\/2026\/03\/IIT_Icon-Datenschutz-scaled.png 2560w, https:\/\/iit-gmbh.de\/wp-content\/uploads\/2026\/03\/IIT_Icon-Datenschutz-300x300.png 300w, https:\/\/iit-gmbh.de\/wp-content\/uploads\/2026\/03\/IIT_Icon-Datenschutz-1024x1024.png 1024w, https:\/\/iit-gmbh.de\/wp-content\/uploads\/2026\/03\/IIT_Icon-Datenschutz-150x150.png 150w, https:\/\/iit-gmbh.de\/wp-content\/uploads\/2026\/03\/IIT_Icon-Datenschutz-768x768.png 768w, https:\/\/iit-gmbh.de\/wp-content\/uploads\/2026\/03\/IIT_Icon-Datenschutz-1536x1536.png 1536w, https:\/\/iit-gmbh.de\/wp-content\/uploads\/2026\/03\/IIT_Icon-Datenschutz-2048x2048.png 2048w, https:\/\/iit-gmbh.de\/wp-content\/uploads\/2026\/03\/IIT_Icon-Datenschutz-12x12.png 12w\" sizes=\"(max-width: 2560px) 100vw, 2560px\" \/>\t\t\t\t\t\t\t\t\t\t\t\t\t\t\t<\/div>\n\t\t\t\t<\/div>\n\t\t\t\t<div class=\"elementor-element elementor-element-bf043ea elementor-widget elementor-widget-heading\" data-id=\"bf043ea\" data-element_type=\"widget\" data-widget_type=\"heading.default\">\n\t\t\t\t<div class=\"elementor-widget-container\">\n\t\t\t\t\t<h2 class=\"elementor-heading-title elementor-size-default\">Privacy policy<\/h2>\t\t\t\t<\/div>\n\t\t\t\t<\/div>\n\t\t\t\t<div class=\"elementor-element elementor-element-7026148 elementor-widget elementor-widget-heading\" data-id=\"7026148\" data-element_type=\"widget\" data-widget_type=\"heading.default\">\n\t\t\t\t<div class=\"elementor-widget-container\">\n\t\t\t\t\t<h2 class=\"elementor-heading-title elementor-size-default\">of IIT Gesellschaft f\u00fcr Innovative Informations-Techniken mbH<\/h2>\t\t\t\t<\/div>\n\t\t\t\t<\/div>\n\t\t\t\t<div class=\"elementor-element elementor-element-0eadcdd elementor-widget elementor-widget-heading\" data-id=\"0eadcdd\" data-element_type=\"widget\" data-widget_type=\"heading.default\">\n\t\t\t\t<div class=\"elementor-widget-container\">\n\t\t\t\t\t<h2 class=\"elementor-heading-title elementor-size-default\">1. responsible person<\/h2>\t\t\t\t<\/div>\n\t\t\t\t<\/div>\n\t\t\t\t<div class=\"elementor-element elementor-element-4c721f0 elementor-widget elementor-widget-text-editor\" data-id=\"4c721f0\" data-element_type=\"widget\" data-widget_type=\"text-editor.default\">\n\t\t\t\t<div class=\"elementor-widget-container\">\n\t\t\t\t\t\t\t\t\t<div class=\"wpb_text_column wpb_content_element\"><p><strong>IIT Company for Innovative<br \/>Informations-Techniken mbH<\/strong><br \/>Im Ermlisgrund 6<br \/>76337 Waldbronn<br \/>Germany<\/p><p>Contact:<br \/>Phone: <a href=\"tel:+49724357990\">+49 (0) 7243 \/ 5799-0<\/a><br \/>E-Mail: <a href=\"mailto:info@iit-gmbh.de\">info@iit-gmbh.de<\/a><\/p><p>Represented by: <br \/>Managing Directors Ralph Grobert and Thomas Scheer<\/p><\/div>\t\t\t\t\t\t\t\t<\/div>\n\t\t\t\t<\/div>\n\t\t\t\t<div class=\"elementor-element elementor-element-c0c87cc elementor-widget elementor-widget-heading\" data-id=\"c0c87cc\" data-element_type=\"widget\" data-widget_type=\"heading.default\">\n\t\t\t\t<div class=\"elementor-widget-container\">\n\t\t\t\t\t<h2 class=\"elementor-heading-title elementor-size-default\">2. general information on data protection<\/h2>\t\t\t\t<\/div>\n\t\t\t\t<\/div>\n\t\t\t\t<div class=\"elementor-element elementor-element-ad91278 elementor-widget elementor-widget-text-editor\" data-id=\"ad91278\" data-element_type=\"widget\" data-widget_type=\"text-editor.default\">\n\t\t\t\t<div class=\"elementor-widget-container\">\n\t\t\t\t\t\t\t\t\t<div class=\"wpb_text_column wpb_content_element\"><p>We take the protection of your personal data very seriously. Personal data is processed on this website exclusively in accordance with the statutory provisions of the General Data Protection Regulation (GDPR), the Telecommunications Digital Services Data Protection Act (TDDDG) and other relevant data protection regulations.<\/p><\/div>\t\t\t\t\t\t\t\t<\/div>\n\t\t\t\t<\/div>\n\t\t\t\t<div class=\"elementor-element elementor-element-ad75b1d elementor-widget elementor-widget-heading\" data-id=\"ad75b1d\" data-element_type=\"widget\" data-widget_type=\"heading.default\">\n\t\t\t\t<div class=\"elementor-widget-container\">\n\t\t\t\t\t<h2 class=\"elementor-heading-title elementor-size-default\">3. hosting<\/h2>\t\t\t\t<\/div>\n\t\t\t\t<\/div>\n\t\t\t\t<div class=\"elementor-element elementor-element-4c101ae elementor-widget elementor-widget-text-editor\" data-id=\"4c101ae\" data-element_type=\"widget\" data-widget_type=\"text-editor.default\">\n\t\t\t\t<div class=\"elementor-widget-container\">\n\t\t\t\t\t\t\t\t\t<div class=\"wpb_text_column wpb_content_element\"><p>Our website is hosted by:<\/p><p>ALL-INKL.COM - New Media M\u00fcnnich<br \/>Main street 68<br \/>02742 Friedersdorf<br \/>Germany<\/p><p>The hosting provider processes personal data that is required for the operation, security and stability of the website.<\/p><p><strong>Legal basis:<\/strong><br \/>Art. 6 para. 1 lit. f GDPR (legitimate interest)<\/p><\/div>\t\t\t\t\t\t\t\t<\/div>\n\t\t\t\t<\/div>\n\t\t\t\t<div class=\"elementor-element elementor-element-0ad1aee elementor-widget elementor-widget-heading\" data-id=\"0ad1aee\" data-element_type=\"widget\" data-widget_type=\"heading.default\">\n\t\t\t\t<div class=\"elementor-widget-container\">\n\t\t\t\t\t<h2 class=\"elementor-heading-title elementor-size-default\">4. server log files<\/h2>\t\t\t\t<\/div>\n\t\t\t\t<\/div>\n\t\t\t\t<div class=\"elementor-element elementor-element-0bca99a elementor-widget elementor-widget-text-editor\" data-id=\"0bca99a\" data-element_type=\"widget\" data-widget_type=\"text-editor.default\">\n\t\t\t\t<div class=\"elementor-widget-container\">\n\t\t\t\t\t\t\t\t\t<div class=\"wpb_text_column wpb_content_element\"><p>Every time our website is accessed, the hosting provider automatically collects and stores data in so-called server log files:<\/p><ul><li>IP address of the requesting end device<\/li><li>Browser type and browser version<\/li><li>Operating system used<\/li><li>Referrer URL<\/li><li>Host name of the accessing computer<\/li><li>Date and time of the server request<\/li><\/ul><p><br \/>This data is not merged with other data sources.<\/p><p><strong>Purpose of the processing<\/strong><\/p><ul><li>Ensuring stable and secure website operation<\/li><li>Analysis of technical errors<\/li><li>Detection of and defense against attacks and misuse<\/li><li>IT security measures (e.g. firewalls)<\/li><\/ul><p><strong><br \/>Legal basis:<\/strong><br \/>Art. 6 para. 1 lit. f GDPR<\/p><p><strong>Storage duration:<\/strong><br \/>The data is automatically deleted or anonymized once the purpose no longer applies.<\/p><\/div>\t\t\t\t\t\t\t\t<\/div>\n\t\t\t\t<\/div>\n\t\t\t\t<div class=\"elementor-element elementor-element-52551b6 elementor-widget elementor-widget-heading\" data-id=\"52551b6\" data-element_type=\"widget\" data-widget_type=\"heading.default\">\n\t\t\t\t<div class=\"elementor-widget-container\">\n\t\t\t\t\t<h2 class=\"elementor-heading-title elementor-size-default\">5. cookies &amp; consent management (Borlabs Cookie)<\/h2>\t\t\t\t<\/div>\n\t\t\t\t<\/div>\n\t\t\t\t<div class=\"elementor-element elementor-element-6f7fb6a elementor-widget elementor-widget-text-editor\" data-id=\"6f7fb6a\" data-element_type=\"widget\" data-widget_type=\"text-editor.default\">\n\t\t\t\t<div class=\"elementor-widget-container\">\n\t\t\t\t\t\t\t\t\t<div class=\"wpb_text_column wpb_content_element\"><p>Our website uses cookies. The use takes place via the <strong>Cookie consent tool Borlabs Cookie<\/strong>.<\/p><p><strong>Categories<\/strong><\/p><ul><li><strong>Essential cookies<\/strong> (e.g. session cookies)<\/li><li><strong>Statistics cookies<\/strong><\/li><li><strong>Marketing cookies<\/strong><\/li><li><strong>External media<\/strong><\/li><\/ul><p><br \/>Cookies that are not technically necessary are <strong>only after active consent<\/strong> set.<\/p><p><strong>Legal basis:<\/strong><\/p><ul><li>Essential cookies: Art. 6 para. 1 lit. f GDPR, \u00a7 25 para. 2 TDDDG<\/li><li>All other cookies: Art. 6 para. 1 lit. a GDPR, \u00a7 25 para. 1 TDDDG<\/li><\/ul><p><br \/>Consent can be withdrawn at any time via the cookie settings.<\/p><\/div>\t\t\t\t\t\t\t\t<\/div>\n\t\t\t\t<\/div>\n\t\t\t\t<div class=\"elementor-element elementor-element-1bfcaf1 elementor-widget elementor-widget-heading\" data-id=\"1bfcaf1\" data-element_type=\"widget\" data-widget_type=\"heading.default\">\n\t\t\t\t<div class=\"elementor-widget-container\">\n\t\t\t\t\t<h2 class=\"elementor-heading-title elementor-size-default\">6. google analytics<\/h2>\t\t\t\t<\/div>\n\t\t\t\t<\/div>\n\t\t\t\t<div class=\"elementor-element elementor-element-fa887cf elementor-widget elementor-widget-text-editor\" data-id=\"fa887cf\" data-element_type=\"widget\" data-widget_type=\"text-editor.default\">\n\t\t\t\t<div class=\"elementor-widget-container\">\n\t\t\t\t\t\t\t\t\t<div class=\"wpb_text_column wpb_content_element\"><p>We use Google Analytics (Google Ireland Limited) to analyze website usage.<\/p><ul><li>IP anonymization is activated<\/li><li>Data transfer to third countries is based on the EU-US Data Privacy Framework<\/li><\/ul><p><br \/>The processing takes place <strong>only after consent<\/strong> about Borlabs Cookie.<\/p><p><strong>Legal basis:<\/strong><br \/>Art. 6 para. 1 lit. a GDPR<\/p><\/div>\t\t\t\t\t\t\t\t<\/div>\n\t\t\t\t<\/div>\n\t\t\t\t<div class=\"elementor-element elementor-element-76a5f21 elementor-widget elementor-widget-heading\" data-id=\"76a5f21\" data-element_type=\"widget\" data-widget_type=\"heading.default\">\n\t\t\t\t<div class=\"elementor-widget-container\">\n\t\t\t\t\t<h2 class=\"elementor-heading-title elementor-size-default\">7 Google Ads \/ Conversion Tracking<\/h2>\t\t\t\t<\/div>\n\t\t\t\t<\/div>\n\t\t\t\t<div class=\"elementor-element elementor-element-9acd106 elementor-widget elementor-widget-text-editor\" data-id=\"9acd106\" data-element_type=\"widget\" data-widget_type=\"text-editor.default\">\n\t\t\t\t<div class=\"elementor-widget-container\">\n\t\t\t\t\t\t\t\t\t<div class=\"wpb_text_column wpb_content_element\"><p>We use Google Ads to analyze and optimize the success of advertising measures.<\/p><p>Cookies may be set and usage data processed in the process.<\/p><p>The processing takes place <strong>only with consent<\/strong>.<\/p><p><strong>Legal basis:<\/strong><br \/>Art. 6 para. 1 lit. a GDPR<\/p><\/div>\t\t\t\t\t\t\t\t<\/div>\n\t\t\t\t<\/div>\n\t\t\t\t<div class=\"elementor-element elementor-element-dea9339 elementor-widget elementor-widget-heading\" data-id=\"dea9339\" data-element_type=\"widget\" data-widget_type=\"heading.default\">\n\t\t\t\t<div class=\"elementor-widget-container\">\n\t\t\t\t\t<h2 class=\"elementor-heading-title elementor-size-default\">8. matomo (web analysis)<\/h2>\t\t\t\t<\/div>\n\t\t\t\t<\/div>\n\t\t\t\t<div class=\"elementor-element elementor-element-c9a650d elementor-widget elementor-widget-text-editor\" data-id=\"c9a650d\" data-element_type=\"widget\" data-widget_type=\"text-editor.default\">\n\t\t\t\t<div class=\"elementor-widget-container\">\n\t\t\t\t\t\t\t\t\t<div class=\"wpb_text_column wpb_content_element\"><p>We use Matomo for web analysis.<\/p><ul><li>IP addresses are anonymized<\/li><li>No disclosure to third parties<\/li><li>Analysis only takes place with consent if cookies are used<\/li><\/ul><p><strong><br \/>Legal basis:<\/strong><br \/>Art. 6 para. 1 lit. a or lit. f GDPR<\/p><\/div>\t\t\t\t\t\t\t\t<\/div>\n\t\t\t\t<\/div>\n\t\t\t\t<div class=\"elementor-element elementor-element-00a2d44 elementor-widget elementor-widget-heading\" data-id=\"00a2d44\" data-element_type=\"widget\" data-widget_type=\"heading.default\">\n\t\t\t\t<div class=\"elementor-widget-container\">\n\t\t\t\t\t<h2 class=\"elementor-heading-title elementor-size-default\">9. google maps<\/h2>\t\t\t\t<\/div>\n\t\t\t\t<\/div>\n\t\t\t\t<div class=\"elementor-element elementor-element-3f09eb3 elementor-widget elementor-widget-text-editor\" data-id=\"3f09eb3\" data-element_type=\"widget\" data-widget_type=\"text-editor.default\">\n\t\t\t\t<div class=\"elementor-widget-container\">\n\t\t\t\t\t\t\t\t\t<div class=\"wpb_text_column wpb_content_element\"><p>We use Google Maps (Google Ireland Limited) to display interactive maps.<\/p><p>A connection to Google servers is established when the website is accessed.<\/p><p>The contents are <strong>only after consent<\/strong> loaded via Borlabs Cookie.<\/p><p><strong>Legal basis:<\/strong><br \/>Art. 6 para. 1 lit. a GDPR<\/p><\/div>\t\t\t\t\t\t\t\t<\/div>\n\t\t\t\t<\/div>\n\t\t\t\t<div class=\"elementor-element elementor-element-aaed86c elementor-widget elementor-widget-heading\" data-id=\"aaed86c\" data-element_type=\"widget\" data-widget_type=\"heading.default\">\n\t\t\t\t<div class=\"elementor-widget-container\">\n\t\t\t\t\t<h2 class=\"elementor-heading-title elementor-size-default\">10 Google reCAPTCHA<\/h2>\t\t\t\t<\/div>\n\t\t\t\t<\/div>\n\t\t\t\t<div class=\"elementor-element elementor-element-ddad989 elementor-widget elementor-widget-text-editor\" data-id=\"ddad989\" data-element_type=\"widget\" data-widget_type=\"text-editor.default\">\n\t\t\t\t<div class=\"elementor-widget-container\">\n\t\t\t\t\t\t\t\t\t<div class=\"wpb_text_column wpb_content_element\"><p>To protect our forms, we use Google reCAPTCHA from Google Ireland Limited, Dublin, Ireland.<\/p><p>This involves checking whether entries have been made by a human being. For this purpose, data (IP address, mouse movements, possibly other technical data) is transmitted to Google. Transmission to the USA cannot be ruled out.<\/p><p><strong>Legal basis:<\/strong><\/p><p>Art. 6 para. 1 lit. f GDPR.  Our legitimate interest is to protect against spam and misuse.<\/p><\/div>\t\t\t\t\t\t\t\t<\/div>\n\t\t\t\t<\/div>\n\t\t\t\t<div class=\"elementor-element elementor-element-07955a1 elementor-widget elementor-widget-heading\" data-id=\"07955a1\" data-element_type=\"widget\" data-widget_type=\"heading.default\">\n\t\t\t\t<div class=\"elementor-widget-container\">\n\t\t\t\t\t<h2 class=\"elementor-heading-title elementor-size-default\">11 Borlabs Cookie<\/h2>\t\t\t\t<\/div>\n\t\t\t\t<\/div>\n\t\t\t\t<div class=\"elementor-element elementor-element-8f6ce56 elementor-widget elementor-widget-text-editor\" data-id=\"8f6ce56\" data-element_type=\"widget\" data-widget_type=\"text-editor.default\">\n\t\t\t\t<div class=\"elementor-widget-container\">\n\t\t\t\t\t\t\t\t\t<div class=\"wpb_text_column wpb_content_element\"><p>To manage your consents, we use Borlabs Cookie from Borlabs GmbH, Hamburger Str. 11, 22083 Hamburg, Germany.<\/p><p>Your cookie settings are saved in the process.<\/p><p><strong>Legal basis:<\/strong><br \/>Art. 6 para. 1 lit. c GDPR and \u00a7 25 TDDDG<\/p><\/div>\t\t\t\t\t\t\t\t<\/div>\n\t\t\t\t<\/div>\n\t\t\t\t<div class=\"elementor-element elementor-element-7291f45 elementor-widget elementor-widget-heading\" data-id=\"7291f45\" data-element_type=\"widget\" data-widget_type=\"heading.default\">\n\t\t\t\t<div class=\"elementor-widget-container\">\n\t\t\t\t\t<h2 class=\"elementor-heading-title elementor-size-default\">12. elementor<\/h2>\t\t\t\t<\/div>\n\t\t\t\t<\/div>\n\t\t\t\t<div class=\"elementor-element elementor-element-e86fc4a elementor-widget elementor-widget-text-editor\" data-id=\"e86fc4a\" data-element_type=\"widget\" data-widget_type=\"text-editor.default\">\n\t\t\t\t<div class=\"elementor-widget-container\">\n\t\t\t\t\t\t\t\t\t<div class=\"wpb_text_column wpb_content_element\"><p>We use the Elementor plugin from Elementor Ltd, Tuval St. 40, Ramat Gan, Israel, to design our website.<\/p><p>Forms are provided via Elementor that you can use to send us personal data (e.g. name, e-mail address, messages). The processing is carried out to process your request.<\/p><p>Google Maps is also integrated via Elementor. The provider is Google Ireland Limited, Gordon House, Barrow Street, Dublin 4, Ireland. In particular, your IP address and technical information may be transmitted to Google. Transmission to third countries (e.g. USA) cannot be ruled out.<\/p><p><strong>Legal basis:<\/strong><\/p><p>Art. 6 para. 1 lit. a GDPR and Art. 6 para. 1 lit. f GDPR. Our legitimate interest lies in a user-friendly presentation of our website.<\/p><\/div>\t\t\t\t\t\t\t\t<\/div>\n\t\t\t\t<\/div>\n\t\t\t\t<div class=\"elementor-element elementor-element-47df67b elementor-widget elementor-widget-heading\" data-id=\"47df67b\" data-element_type=\"widget\" data-widget_type=\"heading.default\">\n\t\t\t\t<div class=\"elementor-widget-container\">\n\t\t\t\t\t<h2 class=\"elementor-heading-title elementor-size-default\">13. Contact Form<\/h2>\t\t\t\t<\/div>\n\t\t\t\t<\/div>\n\t\t\t\t<div class=\"elementor-element elementor-element-77e297e elementor-widget elementor-widget-text-editor\" data-id=\"77e297e\" data-element_type=\"widget\" data-widget_type=\"text-editor.default\">\n\t\t\t\t<div class=\"elementor-widget-container\">\n\t\t\t\t\t\t\t\t\t<div class=\"wpb_text_column wpb_content_element\"><p>When you use our contact form, we process the data you enter to process your request.<\/p><p><strong>Legal basis:<\/strong><br \/>Art. 6 para. 1 lit. b GDPR<\/p><\/div>\t\t\t\t\t\t\t\t<\/div>\n\t\t\t\t<\/div>\n\t\t\t\t<div class=\"elementor-element elementor-element-f5c6467 elementor-widget elementor-widget-heading\" data-id=\"f5c6467\" data-element_type=\"widget\" data-widget_type=\"heading.default\">\n\t\t\t\t<div class=\"elementor-widget-container\">\n\t\t\t\t\t<h2 class=\"elementor-heading-title elementor-size-default\">14 Registration and customer accounts<\/h2>\t\t\t\t<\/div>\n\t\t\t\t<\/div>\n\t\t\t\t<div class=\"elementor-element elementor-element-3c88eba elementor-widget elementor-widget-text-editor\" data-id=\"3c88eba\" data-element_type=\"widget\" data-widget_type=\"text-editor.default\">\n\t\t\t\t<div class=\"elementor-widget-container\">\n\t\t\t\t\t\t\t\t\t<div class=\"wpb_text_column wpb_content_element\"><p>During registration, personal data is processed in order to provide customer accounts and fulfill contractual services. For this purpose, we use the Ultimate Member plugin from Ultimate Member Group Ltd, 272 Bath Street, Glasgow, Scotland.<\/p><p><strong>Legal basis:<\/strong><br \/>Art. 6 para. 1 lit. b GDPR<\/p><\/div>\t\t\t\t\t\t\t\t<\/div>\n\t\t\t\t<\/div>\n\t\t\t\t<div class=\"elementor-element elementor-element-ff0935b elementor-widget elementor-widget-heading\" data-id=\"ff0935b\" data-element_type=\"widget\" data-widget_type=\"heading.default\">\n\t\t\t\t<div class=\"elementor-widget-container\">\n\t\t\t\t\t<h2 class=\"elementor-heading-title elementor-size-default\">15. newsletter<\/h2>\t\t\t\t<\/div>\n\t\t\t\t<\/div>\n\t\t\t\t<div class=\"elementor-element elementor-element-304f471 elementor-widget elementor-widget-text-editor\" data-id=\"304f471\" data-element_type=\"widget\" data-widget_type=\"text-editor.default\">\n\t\t\t\t<div class=\"elementor-widget-container\">\n\t\t\t\t\t\t\t\t\t<div class=\"wpb_text_column wpb_content_element\"><p>Registration for our newsletter takes place using the double opt-in procedure.<\/p><p><strong>Legal basis:<\/strong><br \/>Art. 6 para. 1 lit. a GDPR<\/p><p>You can unsubscribe from the newsletter at any time.<\/p><\/div>\t\t\t\t\t\t\t\t<\/div>\n\t\t\t\t<\/div>\n\t\t\t\t<div class=\"elementor-element elementor-element-4b1c551 elementor-widget elementor-widget-heading\" data-id=\"4b1c551\" data-element_type=\"widget\" data-widget_type=\"heading.default\">\n\t\t\t\t<div class=\"elementor-widget-container\">\n\t\t\t\t\t<h2 class=\"elementor-heading-title elementor-size-default\">16. wordfence (website security)<\/h2>\t\t\t\t<\/div>\n\t\t\t\t<\/div>\n\t\t\t\t<div class=\"elementor-element elementor-element-e6f148c elementor-widget elementor-widget-text-editor\" data-id=\"e6f148c\" data-element_type=\"widget\" data-widget_type=\"text-editor.default\">\n\t\t\t\t<div class=\"elementor-widget-container\">\n\t\t\t\t\t\t\t\t\t<div class=\"wpb_text_column wpb_content_element\"><p>To protect our website, we use Wordfence from Defiant Inc, 800 5th Ave Ste 4100, Seattle, WA 98104, USA. In particular, IP addresses are processed in order to detect and ward off attacks. The data may be transferred to servers in the USA.<\/p><p><strong>Legal basis:<\/strong><\/p><p>Art. 6 para. 1 lit. f GDPR.  Our legitimate interest lies in the security of our website.<\/p><\/div>\t\t\t\t\t\t\t\t<\/div>\n\t\t\t\t<\/div>\n\t\t\t\t<div class=\"elementor-element elementor-element-5d27cb4 elementor-widget elementor-widget-heading\" data-id=\"5d27cb4\" data-element_type=\"widget\" data-widget_type=\"heading.default\">\n\t\t\t\t<div class=\"elementor-widget-container\">\n\t\t\t\t\t<h2 class=\"elementor-heading-title elementor-size-default\">17 SSL encryption<\/h2>\t\t\t\t<\/div>\n\t\t\t\t<\/div>\n\t\t\t\t<div class=\"elementor-element elementor-element-f47bf8e elementor-widget elementor-widget-text-editor\" data-id=\"f47bf8e\" data-element_type=\"widget\" data-widget_type=\"text-editor.default\">\n\t\t\t\t<div class=\"elementor-widget-container\">\n\t\t\t\t\t\t\t\t\t<div class=\"wpb_text_column wpb_content_element\"><p>This website uses SSL or TLS encryption for the secure transmission of personal data.<\/p><\/div>\t\t\t\t\t\t\t\t<\/div>\n\t\t\t\t<\/div>\n\t\t\t\t<div class=\"elementor-element elementor-element-35ebe42 elementor-widget elementor-widget-heading\" data-id=\"35ebe42\" data-element_type=\"widget\" data-widget_type=\"heading.default\">\n\t\t\t\t<div class=\"elementor-widget-container\">\n\t\t\t\t\t<h2 class=\"elementor-heading-title elementor-size-default\">18 Rights of the data subjects<\/h2>\t\t\t\t<\/div>\n\t\t\t\t<\/div>\n\t\t\t\t<div class=\"elementor-element elementor-element-ce8ef17 elementor-widget elementor-widget-text-editor\" data-id=\"ce8ef17\" data-element_type=\"widget\" data-widget_type=\"text-editor.default\">\n\t\t\t\t<div class=\"elementor-widget-container\">\n\t\t\t\t\t\t\t\t\t<div class=\"wpb_text_column wpb_content_element\"><p>You have the right to:<\/p><ul><li>Information<\/li><li>Correction<\/li><li>Deletion<\/li><li>Restriction of processing<\/li><li>Data portability<\/li><li>Revocation of your consent<\/li><\/ul><p><br \/>If you have any questions about our data protection, please contact our external data protection officer:<\/p><p>Mr. J\u00fcrgen Recha,<br \/>c\/o interev GmbH<br \/>Robert-Koch-Strasse 55<br \/>30853 Langenhagen<br \/>05 11 \/ 89 79 84 10<br \/>datenschutz@interev.de<\/p><\/div>\t\t\t\t\t\t\t\t<\/div>\n\t\t\t\t<\/div>\n\t\t\t\t<div class=\"elementor-element elementor-element-91b6955 elementor-widget elementor-widget-heading\" data-id=\"91b6955\" data-element_type=\"widget\" data-widget_type=\"heading.default\">\n\t\t\t\t<div class=\"elementor-widget-container\">\n\t\t\t\t\t<h2 class=\"elementor-heading-title elementor-size-default\">19. right of appeal<\/h2>\t\t\t\t<\/div>\n\t\t\t\t<\/div>\n\t\t\t\t<div class=\"elementor-element elementor-element-83f960d elementor-widget elementor-widget-text-editor\" data-id=\"83f960d\" data-element_type=\"widget\" data-widget_type=\"text-editor.default\">\n\t\t\t\t<div class=\"elementor-widget-container\">\n\t\t\t\t\t\t\t\t\t<div class=\"wpb_text_column wpb_content_element\"><p>Competent supervisory authority:<\/p><p>The State Commissioner for Data Protection and Freedom of Information Baden-W\u00fcrttemberg<\/p><\/div>\t\t\t\t\t\t\t\t<\/div>\n\t\t\t\t<\/div>\n\t\t\t\t\t<\/div>\n\t\t\t\t<\/div>\n\t\t\t\t<\/div>","protected":false},"excerpt":{"rendered":"<p>Datenschutzerkl\u00e4rung der IIT Gesellschaft f\u00fcr Innovative Informations-Techniken mbH 1. Verantwortlicher IIT Gesellschaft f\u00fcr InnovativeInformations-Techniken mbHIm Ermlisgrund 676337 WaldbronnDeutschland Kontakt:Telefon: +49 (0) 7243 \/ 5799-0E-Mail: info@iit-gmbh.de Vertreten durch: Gesch\u00e4ftsf\u00fchrer Ralph Grobert und Thomas Scheer 2. Allgemeine Hinweise zum Datenschutz Wir nehmen den Schutz Ihrer personenbezogenen Daten sehr ernst. Personenbezogene Daten werden auf dieser Website ausschlie\u00dflich im [&hellip;]<\/p>\n","protected":false},"author":1,"featured_media":0,"parent":0,"menu_order":0,"comment_status":"closed","ping_status":"open","template":"","meta":{"footnotes":""},"class_list":["post-3","page","type-page","status-publish","hentry"],"_links":{"self":[{"href":"https:\/\/iit-gmbh.de\/en\/wp-json\/wp\/v2\/pages\/3","targetHints":{"allow":["GET"]}}],"collection":[{"href":"https:\/\/iit-gmbh.de\/en\/wp-json\/wp\/v2\/pages"}],"about":[{"href":"https:\/\/iit-gmbh.de\/en\/wp-json\/wp\/v2\/types\/page"}],"author":[{"embeddable":true,"href":"https:\/\/iit-gmbh.de\/en\/wp-json\/wp\/v2\/users\/1"}],"replies":[{"embeddable":true,"href":"https:\/\/iit-gmbh.de\/en\/wp-json\/wp\/v2\/comments?post=3"}],"version-history":[{"count":54,"href":"https:\/\/iit-gmbh.de\/en\/wp-json\/wp\/v2\/pages\/3\/revisions"}],"predecessor-version":[{"id":4019,"href":"https:\/\/iit-gmbh.de\/en\/wp-json\/wp\/v2\/pages\/3\/revisions\/4019"}],"wp:attachment":[{"href":"https:\/\/iit-gmbh.de\/en\/wp-json\/wp\/v2\/media?parent=3"}],"curies":[{"name":"wp","href":"https:\/\/api.w.org\/{rel}","templated":true}]}}